{"id":6775,"date":"2019-03-23T10:01:05","date_gmt":"2019-03-23T09:01:05","guid":{"rendered":"https:\/\/carlespuche.com\/inici\/"},"modified":"2019-03-23T10:13:58","modified_gmt":"2019-03-23T09:13:58","slug":"inici","status":"publish","type":"page","link":"https:\/\/carlespuche.com\/es\/","title":{"rendered":"Inicio"},"content":{"rendered":"\n<div class=\"wp-block-image\"><figure class=\"aligncenter\"><a href=\"\/?page_id=4345\"><img fetchpriority=\"high\" decoding=\"async\" width=\"1024\" height=\"921\" src=\"https:\/\/carlespuche.com\/wp-content\/uploads\/2017\/06\/tigre-de-siberia_carlespuche-1024x921.jpg\" alt=\"\" class=\"wp-image-4787\" srcset=\"https:\/\/carlespuche.com\/wp-content\/uploads\/2017\/06\/tigre-de-siberia_carlespuche-1024x921.jpg 1024w, https:\/\/carlespuche.com\/wp-content\/uploads\/2017\/06\/tigre-de-siberia_carlespuche-300x270.jpg 300w, https:\/\/carlespuche.com\/wp-content\/uploads\/2017\/06\/tigre-de-siberia_carlespuche-768x691.jpg 768w, https:\/\/carlespuche.com\/wp-content\/uploads\/2017\/06\/tigre-de-siberia_carlespuche.jpg 1500w\" sizes=\"(max-width: 1024px) 100vw, 1024px\" \/><\/a><\/figure><\/div>\n","protected":false},"excerpt":{"rendered":"","protected":false},"author":1,"featured_media":0,"parent":0,"menu_order":0,"comment_status":"closed","ping_status":"closed","template":"","meta":{"footnotes":""},"class_list":["post-6775","page","type-page","status-publish","hentry"],"yoast_head":"<!-- This site is optimized with the Yoast SEO plugin v27.5 - https:\/\/yoast.com\/product\/yoast-seo-wordpress\/ -->\n<title>Carles Puche - Ilustrador cient\u00edfico y de ciencias naturales<\/title>\n<meta name=\"description\" content=\"Miembro de la Instituci\u00f3n Catalana de Historia Natural, ha trabajado para National Geographic, Cosmocaixa o Universidad de Valencia y m\u00e1s.\" \/>\n<meta name=\"robots\" content=\"index, follow, max-snippet:-1, max-image-preview:large, max-video-preview:-1\" \/>\n<link rel=\"canonical\" href=\"https:\/\/carlespuche.com\/es\/\" \/>\n<meta property=\"og:locale\" content=\"es_ES\" \/>\n<meta property=\"og:type\" content=\"article\" \/>\n<meta property=\"og:title\" content=\"Carles Puche - Ilustrador cient\u00edfico y de ciencias naturales\" \/>\n<meta property=\"og:description\" content=\"Miembro de la Instituci\u00f3n Catalana de Historia Natural, ha trabajado para National Geographic, Cosmocaixa o Universidad de Valencia y m\u00e1s.\" \/>\n<meta property=\"og:url\" content=\"https:\/\/carlespuche.com\/es\/\" \/>\n<meta property=\"og:site_name\" content=\"Carles Puche\" \/>\n<meta property=\"article:publisher\" content=\"https:\/\/www.facebook.com\/estudipuche\/\" \/>\n<meta property=\"article:modified_time\" content=\"2019-03-23T09:13:58+00:00\" \/>\n<meta property=\"og:image\" content=\"https:\/\/carlespuche.com\/wp-content\/uploads\/2017\/06\/tigre-de-siberia_carlespuche-1024x921.jpg\" \/>\n<meta name=\"twitter:card\" content=\"summary_large_image\" \/>\n<meta name=\"twitter:site\" content=\"@cpuchem\" \/>\n<script type=\"application\/ld+json\" class=\"yoast-schema-graph\">{\"@context\":\"https:\\\/\\\/schema.org\",\"@graph\":[{\"@type\":\"WebPage\",\"@id\":\"https:\\\/\\\/carlespuche.com\\\/es\\\/\",\"url\":\"https:\\\/\\\/carlespuche.com\\\/es\\\/\",\"name\":\"Carles Puche - Ilustrador cient\u00edfico y de ciencias naturales\",\"isPartOf\":{\"@id\":\"https:\\\/\\\/carlespuche.com\\\/es\\\/#website\"},\"primaryImageOfPage\":{\"@id\":\"https:\\\/\\\/carlespuche.com\\\/es\\\/#primaryimage\"},\"image\":{\"@id\":\"https:\\\/\\\/carlespuche.com\\\/es\\\/#primaryimage\"},\"thumbnailUrl\":\"https:\\\/\\\/carlespuche.com\\\/wp-content\\\/uploads\\\/2017\\\/06\\\/tigre-de-siberia_carlespuche-1024x921.jpg\",\"datePublished\":\"2019-03-23T09:01:05+00:00\",\"dateModified\":\"2019-03-23T09:13:58+00:00\",\"description\":\"Miembro de la Instituci\u00f3n Catalana de Historia Natural, ha trabajado para National Geographic, Cosmocaixa o Universidad de Valencia y m\u00e1s.\",\"breadcrumb\":{\"@id\":\"https:\\\/\\\/carlespuche.com\\\/es\\\/#breadcrumb\"},\"inLanguage\":\"es\",\"potentialAction\":[{\"@type\":\"ReadAction\",\"target\":[\"https:\\\/\\\/carlespuche.com\\\/es\\\/\"]}]},{\"@type\":\"ImageObject\",\"inLanguage\":\"es\",\"@id\":\"https:\\\/\\\/carlespuche.com\\\/es\\\/#primaryimage\",\"url\":\"https:\\\/\\\/carlespuche.com\\\/wp-content\\\/uploads\\\/2017\\\/06\\\/tigre-de-siberia_carlespuche-1024x921.jpg\",\"contentUrl\":\"https:\\\/\\\/carlespuche.com\\\/wp-content\\\/uploads\\\/2017\\\/06\\\/tigre-de-siberia_carlespuche-1024x921.jpg\"},{\"@type\":\"BreadcrumbList\",\"@id\":\"https:\\\/\\\/carlespuche.com\\\/es\\\/#breadcrumb\",\"itemListElement\":[{\"@type\":\"ListItem\",\"position\":1,\"name\":\"Portada\",\"item\":\"https:\\\/\\\/carlespuche.com\\\/es\\\/\"},{\"@type\":\"ListItem\",\"position\":2,\"name\":\"Inicio\"}]},{\"@type\":\"WebSite\",\"@id\":\"https:\\\/\\\/carlespuche.com\\\/es\\\/#website\",\"url\":\"https:\\\/\\\/carlespuche.com\\\/es\\\/\",\"name\":\"Carles Puche\",\"description\":\"Il&middot;lustrador de ci&egrave;ncies naturals\",\"potentialAction\":[{\"@type\":\"SearchAction\",\"target\":{\"@type\":\"EntryPoint\",\"urlTemplate\":\"https:\\\/\\\/carlespuche.com\\\/es\\\/?s={search_term_string}\"},\"query-input\":{\"@type\":\"PropertyValueSpecification\",\"valueRequired\":true,\"valueName\":\"search_term_string\"}}],\"inLanguage\":\"es\"}]}<\/script>\n<!-- \/ Yoast SEO plugin. -->","yoast_head_json":{"title":"Carles Puche - Ilustrador cient\u00edfico y de ciencias naturales","description":"Miembro de la Instituci\u00f3n Catalana de Historia Natural, ha trabajado para National Geographic, Cosmocaixa o Universidad de Valencia y m\u00e1s.","robots":{"index":"index","follow":"follow","max-snippet":"max-snippet:-1","max-image-preview":"max-image-preview:large","max-video-preview":"max-video-preview:-1"},"canonical":"https:\/\/carlespuche.com\/es\/","og_locale":"es_ES","og_type":"article","og_title":"Carles Puche - Ilustrador cient\u00edfico y de ciencias naturales","og_description":"Miembro de la Instituci\u00f3n Catalana de Historia Natural, ha trabajado para National Geographic, Cosmocaixa o Universidad de Valencia y m\u00e1s.","og_url":"https:\/\/carlespuche.com\/es\/","og_site_name":"Carles Puche","article_publisher":"https:\/\/www.facebook.com\/estudipuche\/","article_modified_time":"2019-03-23T09:13:58+00:00","og_image":[{"url":"https:\/\/carlespuche.com\/wp-content\/uploads\/2017\/06\/tigre-de-siberia_carlespuche-1024x921.jpg","type":"","width":"","height":""}],"twitter_card":"summary_large_image","twitter_site":"@cpuchem","schema":{"@context":"https:\/\/schema.org","@graph":[{"@type":"WebPage","@id":"https:\/\/carlespuche.com\/es\/","url":"https:\/\/carlespuche.com\/es\/","name":"Carles Puche - Ilustrador cient\u00edfico y de ciencias naturales","isPartOf":{"@id":"https:\/\/carlespuche.com\/es\/#website"},"primaryImageOfPage":{"@id":"https:\/\/carlespuche.com\/es\/#primaryimage"},"image":{"@id":"https:\/\/carlespuche.com\/es\/#primaryimage"},"thumbnailUrl":"https:\/\/carlespuche.com\/wp-content\/uploads\/2017\/06\/tigre-de-siberia_carlespuche-1024x921.jpg","datePublished":"2019-03-23T09:01:05+00:00","dateModified":"2019-03-23T09:13:58+00:00","description":"Miembro de la Instituci\u00f3n Catalana de Historia Natural, ha trabajado para National Geographic, Cosmocaixa o Universidad de Valencia y m\u00e1s.","breadcrumb":{"@id":"https:\/\/carlespuche.com\/es\/#breadcrumb"},"inLanguage":"es","potentialAction":[{"@type":"ReadAction","target":["https:\/\/carlespuche.com\/es\/"]}]},{"@type":"ImageObject","inLanguage":"es","@id":"https:\/\/carlespuche.com\/es\/#primaryimage","url":"https:\/\/carlespuche.com\/wp-content\/uploads\/2017\/06\/tigre-de-siberia_carlespuche-1024x921.jpg","contentUrl":"https:\/\/carlespuche.com\/wp-content\/uploads\/2017\/06\/tigre-de-siberia_carlespuche-1024x921.jpg"},{"@type":"BreadcrumbList","@id":"https:\/\/carlespuche.com\/es\/#breadcrumb","itemListElement":[{"@type":"ListItem","position":1,"name":"Portada","item":"https:\/\/carlespuche.com\/es\/"},{"@type":"ListItem","position":2,"name":"Inicio"}]},{"@type":"WebSite","@id":"https:\/\/carlespuche.com\/es\/#website","url":"https:\/\/carlespuche.com\/es\/","name":"Carles Puche","description":"Il&middot;lustrador de ci&egrave;ncies naturals","potentialAction":[{"@type":"SearchAction","target":{"@type":"EntryPoint","urlTemplate":"https:\/\/carlespuche.com\/es\/?s={search_term_string}"},"query-input":{"@type":"PropertyValueSpecification","valueRequired":true,"valueName":"search_term_string"}}],"inLanguage":"es"}]}},"_links":{"self":[{"href":"https:\/\/carlespuche.com\/es\/wp-json\/wp\/v2\/pages\/6775","targetHints":{"allow":["GET"]}}],"collection":[{"href":"https:\/\/carlespuche.com\/es\/wp-json\/wp\/v2\/pages"}],"about":[{"href":"https:\/\/carlespuche.com\/es\/wp-json\/wp\/v2\/types\/page"}],"author":[{"embeddable":true,"href":"https:\/\/carlespuche.com\/es\/wp-json\/wp\/v2\/users\/1"}],"replies":[{"embeddable":true,"href":"https:\/\/carlespuche.com\/es\/wp-json\/wp\/v2\/comments?post=6775"}],"version-history":[{"count":4,"href":"https:\/\/carlespuche.com\/es\/wp-json\/wp\/v2\/pages\/6775\/revisions"}],"predecessor-version":[{"id":6779,"href":"https:\/\/carlespuche.com\/es\/wp-json\/wp\/v2\/pages\/6775\/revisions\/6779"}],"wp:attachment":[{"href":"https:\/\/carlespuche.com\/es\/wp-json\/wp\/v2\/media?parent=6775"}],"curies":[{"name":"wp","href":"https:\/\/api.w.org\/{rel}","templated":true}]}}